{"id":47,"date":"2021-05-15T13:03:38","date_gmt":"2021-05-15T13:03:38","guid":{"rendered":"https:\/\/tyokeskusepa.fi\/?page_id=47"},"modified":"2021-06-02T17:22:55","modified_gmt":"2021-06-02T17:22:55","slug":"historia","status":"publish","type":"page","link":"https:\/\/tyokeskusepa.fi\/index.php\/historia\/","title":{"rendered":"HISTORIA"},"content":{"rendered":"\t\t<div data-elementor-type=\"wp-page\" data-elementor-id=\"47\" class=\"elementor elementor-47\">\n\t\t\t\t\t\t<section class=\"elementor-section elementor-top-section elementor-element elementor-element-55aba7fd elementor-section-boxed elementor-section-height-default elementor-section-height-default\" data-id=\"55aba7fd\" data-element_type=\"section\" data-e-type=\"section\" data-settings=\"{&quot;background_background&quot;:&quot;classic&quot;}\">\n\t\t\t\t\t\t\t<div class=\"elementor-background-overlay\"><\/div>\n\t\t\t\t\t\t\t<div class=\"elementor-container elementor-column-gap-default\">\n\t\t\t\t\t<div class=\"elementor-column elementor-col-100 elementor-top-column elementor-element elementor-element-3461fac\" data-id=\"3461fac\" data-element_type=\"column\" data-e-type=\"column\">\n\t\t\t<div class=\"elementor-widget-wrap elementor-element-populated\">\n\t\t\t\t\t\t<div class=\"elementor-element elementor-element-556a9f95 elementor-widget elementor-widget-heading\" data-id=\"556a9f95\" data-element_type=\"widget\" data-e-type=\"widget\" data-widget_type=\"heading.default\">\n\t\t\t\t<div class=\"elementor-widget-container\">\n\t\t\t\t\t<h2 class=\"elementor-heading-title elementor-size-default\">HISTORIA<\/h2>\t\t\t\t<\/div>\n\t\t\t\t<\/div>\n\t\t\t\t\t<\/div>\n\t\t<\/div>\n\t\t\t\t\t<\/div>\n\t\t<\/section>\n\t\t\t\t<section class=\"elementor-section elementor-top-section elementor-element elementor-element-5e23abca elementor-section-boxed elementor-section-height-default elementor-section-height-default\" data-id=\"5e23abca\" data-element_type=\"section\" data-e-type=\"section\">\n\t\t\t\t\t\t<div class=\"elementor-container elementor-column-gap-default\">\n\t\t\t\t\t<div class=\"elementor-column elementor-col-100 elementor-top-column elementor-element elementor-element-14171883\" data-id=\"14171883\" data-element_type=\"column\" data-e-type=\"column\">\n\t\t\t<div class=\"elementor-widget-wrap elementor-element-populated\">\n\t\t\t\t\t\t<div class=\"elementor-element elementor-element-2504d1a3 elementor-widget elementor-widget-heading\" data-id=\"2504d1a3\" data-element_type=\"widget\" data-e-type=\"widget\" data-widget_type=\"heading.default\">\n\t\t\t\t<div class=\"elementor-widget-container\">\n\t\t\t\t\t<h2 class=\"elementor-heading-title elementor-size-default\">Hyvink\u00e4\u00e4n Ty\u00f6tuki ry:n Ty\u00f6keskus EPA 1972 -<\/h2>\t\t\t\t<\/div>\n\t\t\t\t<\/div>\n\t\t\t\t<div class=\"elementor-element elementor-element-2674df89 elementor-widget elementor-widget-text-editor\" data-id=\"2674df89\" data-element_type=\"widget\" data-e-type=\"widget\" data-widget_type=\"text-editor.default\">\n\t\t\t\t<div class=\"elementor-widget-container\">\n\t\t\t\t\t\t\t\t\t<p>EPA perustettiin 10.3.1972. Ajatuksena oli alun perin elinkeinoneuvonnan aloittamisesta Hyvink\u00e4\u00e4n kaupungin ja Hyvink\u00e4\u00e4n kunnan kanssa. Yhteisesti valittu ty\u00f6ryhm\u00e4 esitti vuonna 1971 perustettavaksi elinkeinoneuvojan toimen. Alkuideana oli siis aloittaa neuvonta kohderyhm\u00e4n\u00e4 vammaiset. EPA nimi tulee elinkeinoneuvojan ty\u00f6pajasta. Ty\u00f6muodot ovat vaihdelleet, on tehty toimistopalveluty\u00f6t\u00e4, on ommeltu ja paikattu. P\u00e4\u00e4asiallisin ty\u00f6muoto on kuitenkin ollut puu-, metalli &#8211; ja kokoonpanoty\u00f6t.<\/p><p>Ensimm\u00e4iseksi elinkeinoneuvojaksi valittiin Pentti Eskola. H\u00e4n aloitti v\u00e4litt\u00f6m\u00e4sti ty\u00f6ns\u00e4 Siltakatu 15:ssa eli Ryhteran tiloissa. Oli vain tila ja puhelin. Mutta jo kes\u00e4kuussa saatiin ensimm\u00e4inen ty\u00f6tila Vierem\u00e4nkatu 34:st\u00e4. Ensimm\u00e4isin\u00e4 vuosina ty\u00f6t tehtiin l\u00e4hinn\u00e4 et\u00e4ty\u00f6n\u00e4, jota teki noin 12 henkil\u00f6\u00e4. Ty\u00f6pajassa l\u00e4hdettiin aluksi vaatimattomasti liikkeelle. Mm Helkama Oy:lle tehtiin polkupy\u00f6rien pinnoitusta. Ty\u00f6tilat kohentuivat vuosi vuodelta. Monen muuton j\u00e4lkeen p\u00e4\u00e4dyttiin Harkkokatu 9:\u00e4\u00e4n. Tila oli vuokratila aina vuoteen 1994, jolloin EPA osti 2600 neli\u00f6t\u00e4 k\u00e4sitt\u00e4v\u00e4n hallirakennuksen ja on toiminut siit\u00e4 asti Harkkokadulla.<\/p>\t\t\t\t\t\t\t\t<\/div>\n\t\t\t\t<\/div>\n\t\t\t\t<div class=\"elementor-element elementor-element-28b02bb1 elementor-align-left elementor-widget elementor-widget-button\" data-id=\"28b02bb1\" data-element_type=\"widget\" data-e-type=\"widget\" data-widget_type=\"button.default\">\n\t\t\t\t<div class=\"elementor-widget-container\">\n\t\t\t\t\t\t\t\t\t<div class=\"elementor-button-wrapper\">\n\t\t\t\t\t<a class=\"elementor-button elementor-button-link elementor-size-sm\" href=\"https:\/\/tyokeskusepa.fi\/index.php\/yhteystiedot\/\">\n\t\t\t\t\t\t<span class=\"elementor-button-content-wrapper\">\n\t\t\t\t\t\t\t\t\t<span class=\"elementor-button-text\">OTA YHTEYTT\u00c4<\/span>\n\t\t\t\t\t<\/span>\n\t\t\t\t\t<\/a>\n\t\t\t\t<\/div>\n\t\t\t\t\t\t\t\t<\/div>\n\t\t\t\t<\/div>\n\t\t\t\t\t<\/div>\n\t\t<\/div>\n\t\t\t\t\t<\/div>\n\t\t<\/section>\n\t\t\t\t<\/div>\n\t\t","protected":false},"excerpt":{"rendered":"<p>HISTORIA Hyvink\u00e4\u00e4n Ty\u00f6tuki ry:n Ty\u00f6keskus EPA 1972 &#8211; EPA perustettiin 10.3.1972. Ajatuksena oli alun perin elinkeinoneuvonnan aloittamisesta Hyvink\u00e4\u00e4n kaupungin ja Hyvink\u00e4\u00e4n kunnan kanssa. Yhteisesti valittu ty\u00f6ryhm\u00e4 esitti vuonna 1971 perustettavaksi elinkeinoneuvojan toimen. Alkuideana oli siis aloittaa neuvonta kohderyhm\u00e4n\u00e4 vammaiset. EPA nimi tulee elinkeinoneuvojan ty\u00f6pajasta. Ty\u00f6muodot ovat vaihdelleet, on tehty toimistopalveluty\u00f6t\u00e4, on ommeltu ja paikattu. P\u00e4\u00e4asiallisin [&hellip;]<\/p>\n","protected":false},"author":1,"featured_media":0,"parent":0,"menu_order":0,"comment_status":"closed","ping_status":"closed","template":"elementor_header_footer","meta":{"footnotes":""},"class_list":["post-47","page","type-page","status-publish","hentry","entry"],"_links":{"self":[{"href":"https:\/\/tyokeskusepa.fi\/index.php\/wp-json\/wp\/v2\/pages\/47","targetHints":{"allow":["GET"]}}],"collection":[{"href":"https:\/\/tyokeskusepa.fi\/index.php\/wp-json\/wp\/v2\/pages"}],"about":[{"href":"https:\/\/tyokeskusepa.fi\/index.php\/wp-json\/wp\/v2\/types\/page"}],"author":[{"embeddable":true,"href":"https:\/\/tyokeskusepa.fi\/index.php\/wp-json\/wp\/v2\/users\/1"}],"replies":[{"embeddable":true,"href":"https:\/\/tyokeskusepa.fi\/index.php\/wp-json\/wp\/v2\/comments?post=47"}],"version-history":[{"count":25,"href":"https:\/\/tyokeskusepa.fi\/index.php\/wp-json\/wp\/v2\/pages\/47\/revisions"}],"predecessor-version":[{"id":282,"href":"https:\/\/tyokeskusepa.fi\/index.php\/wp-json\/wp\/v2\/pages\/47\/revisions\/282"}],"wp:attachment":[{"href":"https:\/\/tyokeskusepa.fi\/index.php\/wp-json\/wp\/v2\/media?parent=47"}],"curies":[{"name":"wp","href":"https:\/\/api.w.org\/{rel}","templated":true}]}}