{"id":48,"date":"2021-05-15T13:03:23","date_gmt":"2021-05-15T13:03:23","guid":{"rendered":"https:\/\/tyokeskusepa.fi\/?page_id=48"},"modified":"2021-05-27T15:34:38","modified_gmt":"2021-05-27T15:34:38","slug":"puutuotteet","status":"publish","type":"page","link":"https:\/\/tyokeskusepa.fi\/index.php\/puutuotteet\/","title":{"rendered":"PUUTUOTTEET"},"content":{"rendered":"\t\t<div data-elementor-type=\"wp-page\" data-elementor-id=\"48\" class=\"elementor elementor-48\">\n\t\t\t\t\t\t<section class=\"elementor-section elementor-top-section elementor-element elementor-element-55aba7fd elementor-section-boxed elementor-section-height-default elementor-section-height-default\" data-id=\"55aba7fd\" data-element_type=\"section\" data-e-type=\"section\" data-settings=\"{&quot;background_background&quot;:&quot;classic&quot;}\">\n\t\t\t\t\t\t\t<div class=\"elementor-background-overlay\"><\/div>\n\t\t\t\t\t\t\t<div class=\"elementor-container elementor-column-gap-default\">\n\t\t\t\t\t<div class=\"elementor-column elementor-col-100 elementor-top-column elementor-element elementor-element-3461fac\" data-id=\"3461fac\" data-element_type=\"column\" data-e-type=\"column\">\n\t\t\t<div class=\"elementor-widget-wrap elementor-element-populated\">\n\t\t\t\t\t\t<div class=\"elementor-element elementor-element-556a9f95 elementor-widget elementor-widget-heading\" data-id=\"556a9f95\" data-element_type=\"widget\" data-e-type=\"widget\" data-widget_type=\"heading.default\">\n\t\t\t\t<div class=\"elementor-widget-container\">\n\t\t\t\t\t<h2 class=\"elementor-heading-title elementor-size-default\">PUUTUOTTEET<\/h2>\t\t\t\t<\/div>\n\t\t\t\t<\/div>\n\t\t\t\t\t<\/div>\n\t\t<\/div>\n\t\t\t\t\t<\/div>\n\t\t<\/section>\n\t\t\t\t<section class=\"elementor-section elementor-top-section elementor-element elementor-element-5e23abca elementor-section-boxed elementor-section-height-default elementor-section-height-default\" data-id=\"5e23abca\" data-element_type=\"section\" data-e-type=\"section\">\n\t\t\t\t\t\t<div class=\"elementor-container elementor-column-gap-default\">\n\t\t\t\t\t<div class=\"elementor-column elementor-col-100 elementor-top-column elementor-element elementor-element-14171883\" data-id=\"14171883\" data-element_type=\"column\" data-e-type=\"column\">\n\t\t\t<div class=\"elementor-widget-wrap elementor-element-populated\">\n\t\t\t\t\t\t<div class=\"elementor-element elementor-element-2674df89 elementor-widget elementor-widget-text-editor\" data-id=\"2674df89\" data-element_type=\"widget\" data-e-type=\"widget\" data-widget_type=\"text-editor.default\">\n\t\t\t\t<div class=\"elementor-widget-container\">\n\t\t\t\t\t\t\t\t\t<p><strong>Klikkaa kuvaa suuremmaksi<\/strong><\/p>\t\t\t\t\t\t\t\t<\/div>\n\t\t\t\t<\/div>\n\t\t\t\t<div class=\"elementor-element elementor-element-dbf9214 gallery-spacing-custom elementor-widget elementor-widget-image-gallery\" data-id=\"dbf9214\" data-element_type=\"widget\" data-e-type=\"widget\" data-widget_type=\"image-gallery.default\">\n\t\t\t\t<div class=\"elementor-widget-container\">\n\t\t\t\t\t\t\t<div class=\"elementor-image-gallery\">\n\t\t\t<div id='gallery-1' class='gallery galleryid-48 gallery-columns-5 gallery-size-thumbnail'><figure class='gallery-item'>\n\t\t\t<div class='gallery-icon portrait'>\n\t\t\t\t<a data-elementor-open-lightbox=\"yes\" data-elementor-lightbox-slideshow=\"dbf9214\" data-elementor-lightbox-title=\"IMG_20210428_115305\" data-e-action-hash=\"#elementor-action%3Aaction%3Dlightbox%26settings%3DeyJpZCI6MTIyLCJ1cmwiOiJodHRwczpcL1wvdHlva2Vza3VzZXBhLmZpXC93cC1jb250ZW50XC91cGxvYWRzXC8yMDIxXC8wNVwvSU1HXzIwMjEwNDI4XzExNTMwNS1zY2FsZWQuanBnIiwic2xpZGVzaG93IjoiZGJmOTIxNCJ9\" href='https:\/\/tyokeskusepa.fi\/wp-content\/uploads\/2021\/05\/IMG_20210428_115305-scaled.jpg'><img decoding=\"async\" width=\"150\" height=\"150\" src=\"https:\/\/tyokeskusepa.fi\/wp-content\/uploads\/2021\/05\/IMG_20210428_115305-150x150.jpg\" class=\"attachment-thumbnail size-thumbnail\" alt=\"\" \/><\/a>\n\t\t\t<\/div><\/figure><figure class='gallery-item'>\n\t\t\t<div class='gallery-icon portrait'>\n\t\t\t\t<a data-elementor-open-lightbox=\"yes\" data-elementor-lightbox-slideshow=\"dbf9214\" data-elementor-lightbox-title=\"IMG_20210428_115006\" data-e-action-hash=\"#elementor-action%3Aaction%3Dlightbox%26settings%3DeyJpZCI6MTIxLCJ1cmwiOiJodHRwczpcL1wvdHlva2Vza3VzZXBhLmZpXC93cC1jb250ZW50XC91cGxvYWRzXC8yMDIxXC8wNVwvSU1HXzIwMjEwNDI4XzExNTAwNi1zY2FsZWQuanBnIiwic2xpZGVzaG93IjoiZGJmOTIxNCJ9\" href='https:\/\/tyokeskusepa.fi\/wp-content\/uploads\/2021\/05\/IMG_20210428_115006-scaled.jpg'><img decoding=\"async\" width=\"150\" height=\"150\" src=\"https:\/\/tyokeskusepa.fi\/wp-content\/uploads\/2021\/05\/IMG_20210428_115006-150x150.jpg\" class=\"attachment-thumbnail size-thumbnail\" alt=\"\" \/><\/a>\n\t\t\t<\/div><\/figure><figure class='gallery-item'>\n\t\t\t<div class='gallery-icon landscape'>\n\t\t\t\t<a data-elementor-open-lightbox=\"yes\" data-elementor-lightbox-slideshow=\"dbf9214\" data-elementor-lightbox-title=\"IMG_0418\" data-e-action-hash=\"#elementor-action%3Aaction%3Dlightbox%26settings%3DeyJpZCI6MTIwLCJ1cmwiOiJodHRwczpcL1wvdHlva2Vza3VzZXBhLmZpXC93cC1jb250ZW50XC91cGxvYWRzXC8yMDIxXC8wNVwvSU1HXzA0MTgtc2NhbGVkLmpwZyIsInNsaWRlc2hvdyI6ImRiZjkyMTQifQ%3D%3D\" href='https:\/\/tyokeskusepa.fi\/wp-content\/uploads\/2021\/05\/IMG_0418-scaled.jpg'><img decoding=\"async\" width=\"150\" height=\"150\" src=\"https:\/\/tyokeskusepa.fi\/wp-content\/uploads\/2021\/05\/IMG_0418-150x150.jpg\" class=\"attachment-thumbnail size-thumbnail\" alt=\"\" \/><\/a>\n\t\t\t<\/div><\/figure><figure class='gallery-item'>\n\t\t\t<div class='gallery-icon landscape'>\n\t\t\t\t<a data-elementor-open-lightbox=\"yes\" data-elementor-lightbox-slideshow=\"dbf9214\" data-elementor-lightbox-title=\"IMG_0414\" data-e-action-hash=\"#elementor-action%3Aaction%3Dlightbox%26settings%3DeyJpZCI6MTE5LCJ1cmwiOiJodHRwczpcL1wvdHlva2Vza3VzZXBhLmZpXC93cC1jb250ZW50XC91cGxvYWRzXC8yMDIxXC8wNVwvSU1HXzA0MTQtc2NhbGVkLmpwZyIsInNsaWRlc2hvdyI6ImRiZjkyMTQifQ%3D%3D\" href='https:\/\/tyokeskusepa.fi\/wp-content\/uploads\/2021\/05\/IMG_0414-scaled.jpg'><img loading=\"lazy\" decoding=\"async\" width=\"150\" height=\"150\" src=\"https:\/\/tyokeskusepa.fi\/wp-content\/uploads\/2021\/05\/IMG_0414-150x150.jpg\" class=\"attachment-thumbnail size-thumbnail\" alt=\"\" \/><\/a>\n\t\t\t<\/div><\/figure><figure class='gallery-item'>\n\t\t\t<div class='gallery-icon portrait'>\n\t\t\t\t<a data-elementor-open-lightbox=\"yes\" data-elementor-lightbox-slideshow=\"dbf9214\" data-elementor-lightbox-title=\"IMG_20210429_152000\" data-e-action-hash=\"#elementor-action%3Aaction%3Dlightbox%26settings%3DeyJpZCI6MTE4LCJ1cmwiOiJodHRwczpcL1wvdHlva2Vza3VzZXBhLmZpXC93cC1jb250ZW50XC91cGxvYWRzXC8yMDIxXC8wNVwvSU1HXzIwMjEwNDI5XzE1MjAwMC1zY2FsZWQuanBnIiwic2xpZGVzaG93IjoiZGJmOTIxNCJ9\" href='https:\/\/tyokeskusepa.fi\/wp-content\/uploads\/2021\/05\/IMG_20210429_152000-scaled.jpg'><img loading=\"lazy\" decoding=\"async\" width=\"150\" height=\"150\" src=\"https:\/\/tyokeskusepa.fi\/wp-content\/uploads\/2021\/05\/IMG_20210429_152000-150x150.jpg\" class=\"attachment-thumbnail size-thumbnail\" alt=\"\" \/><\/a>\n\t\t\t<\/div><\/figure>\n\t\t<\/div>\n\t\t<\/div>\n\t\t\t\t\t\t<\/div>\n\t\t\t\t<\/div>\n\t\t\t\t<div class=\"elementor-element elementor-element-2504d1a3 elementor-widget elementor-widget-heading\" data-id=\"2504d1a3\" data-element_type=\"widget\" data-e-type=\"widget\" data-widget_type=\"heading.default\">\n\t\t\t\t<div class=\"elementor-widget-container\">\n\t\t\t\t\t<h2 class=\"elementor-heading-title elementor-size-default\">Tuotteet<\/h2>\t\t\t\t<\/div>\n\t\t\t\t<\/div>\n\t\t\t\t<div class=\"elementor-element elementor-element-41028fd elementor-widget elementor-widget-text-editor\" data-id=\"41028fd\" data-element_type=\"widget\" data-e-type=\"widget\" data-widget_type=\"text-editor.default\">\n\t\t\t\t<div class=\"elementor-widget-container\">\n\t\t\t\t\t\t\t\t\t<p>Tuotteita puuosastolla ovat mm. vaneriset kaapelikelat (eri kokoja), vanerilaatikot, kuormalavat, lavakaulukset, erikoislavat, pakkauskiilat sek\u00e4 m\u00e4\u00e4r\u00e4mittaan sahattua puutavaraa. My\u00f6s h\u00f6yl\u00e4tuotteet ja aitaelementit saatavissa tilauksesta. Kysy rohkeasti lis\u00e4\u00e4.<\/p>\t\t\t\t\t\t\t\t<\/div>\n\t\t\t\t<\/div>\n\t\t\t\t<div class=\"elementor-element elementor-element-28b02bb1 elementor-align-left elementor-widget elementor-widget-button\" data-id=\"28b02bb1\" data-element_type=\"widget\" data-e-type=\"widget\" data-widget_type=\"button.default\">\n\t\t\t\t<div class=\"elementor-widget-container\">\n\t\t\t\t\t\t\t\t\t<div class=\"elementor-button-wrapper\">\n\t\t\t\t\t<a class=\"elementor-button elementor-button-link elementor-size-sm\" href=\"https:\/\/tyokeskusepa.fi\/index.php\/yhteystiedot\/\">\n\t\t\t\t\t\t<span class=\"elementor-button-content-wrapper\">\n\t\t\t\t\t\t\t\t\t<span class=\"elementor-button-text\">OTA YHTEYTT\u00c4<\/span>\n\t\t\t\t\t<\/span>\n\t\t\t\t\t<\/a>\n\t\t\t\t<\/div>\n\t\t\t\t\t\t\t\t<\/div>\n\t\t\t\t<\/div>\n\t\t\t\t\t<\/div>\n\t\t<\/div>\n\t\t\t\t\t<\/div>\n\t\t<\/section>\n\t\t\t\t<\/div>\n\t\t","protected":false},"excerpt":{"rendered":"<p>PUUTUOTTEET Klikkaa kuvaa suuremmaksi Tuotteet Tuotteita puuosastolla ovat mm. vaneriset kaapelikelat (eri kokoja), vanerilaatikot, kuormalavat, lavakaulukset, erikoislavat, pakkauskiilat sek\u00e4 m\u00e4\u00e4r\u00e4mittaan sahattua puutavaraa. My\u00f6s h\u00f6yl\u00e4tuotteet ja aitaelementit saatavissa tilauksesta. Kysy rohkeasti lis\u00e4\u00e4. OTA YHTEYTT\u00c4<\/p>\n","protected":false},"author":1,"featured_media":0,"parent":0,"menu_order":0,"comment_status":"closed","ping_status":"closed","template":"elementor_header_footer","meta":{"footnotes":""},"class_list":["post-48","page","type-page","status-publish","hentry","entry"],"_links":{"self":[{"href":"https:\/\/tyokeskusepa.fi\/index.php\/wp-json\/wp\/v2\/pages\/48","targetHints":{"allow":["GET"]}}],"collection":[{"href":"https:\/\/tyokeskusepa.fi\/index.php\/wp-json\/wp\/v2\/pages"}],"about":[{"href":"https:\/\/tyokeskusepa.fi\/index.php\/wp-json\/wp\/v2\/types\/page"}],"author":[{"embeddable":true,"href":"https:\/\/tyokeskusepa.fi\/index.php\/wp-json\/wp\/v2\/users\/1"}],"replies":[{"embeddable":true,"href":"https:\/\/tyokeskusepa.fi\/index.php\/wp-json\/wp\/v2\/comments?post=48"}],"version-history":[{"count":26,"href":"https:\/\/tyokeskusepa.fi\/index.php\/wp-json\/wp\/v2\/pages\/48\/revisions"}],"predecessor-version":[{"id":220,"href":"https:\/\/tyokeskusepa.fi\/index.php\/wp-json\/wp\/v2\/pages\/48\/revisions\/220"}],"wp:attachment":[{"href":"https:\/\/tyokeskusepa.fi\/index.php\/wp-json\/wp\/v2\/media?parent=48"}],"curies":[{"name":"wp","href":"https:\/\/api.w.org\/{rel}","templated":true}]}}