{"id":49,"date":"2021-05-15T13:04:52","date_gmt":"2021-05-15T13:04:52","guid":{"rendered":"https:\/\/tyokeskusepa.fi\/?page_id=49"},"modified":"2021-05-27T15:34:47","modified_gmt":"2021-05-27T15:34:47","slug":"kokoonpano","status":"publish","type":"page","link":"https:\/\/tyokeskusepa.fi\/index.php\/kokoonpano\/","title":{"rendered":"KOKOONPANO"},"content":{"rendered":"\t\t<div data-elementor-type=\"wp-page\" data-elementor-id=\"49\" class=\"elementor elementor-49\">\n\t\t\t\t\t\t<section class=\"elementor-section elementor-top-section elementor-element elementor-element-55aba7fd elementor-section-boxed elementor-section-height-default elementor-section-height-default\" data-id=\"55aba7fd\" data-element_type=\"section\" data-e-type=\"section\" data-settings=\"{&quot;background_background&quot;:&quot;classic&quot;}\">\n\t\t\t\t\t\t\t<div class=\"elementor-background-overlay\"><\/div>\n\t\t\t\t\t\t\t<div class=\"elementor-container elementor-column-gap-default\">\n\t\t\t\t\t<div class=\"elementor-column elementor-col-100 elementor-top-column elementor-element elementor-element-3461fac\" data-id=\"3461fac\" data-element_type=\"column\" data-e-type=\"column\">\n\t\t\t<div class=\"elementor-widget-wrap elementor-element-populated\">\n\t\t\t\t\t\t<div class=\"elementor-element elementor-element-556a9f95 elementor-widget elementor-widget-heading\" data-id=\"556a9f95\" data-element_type=\"widget\" data-e-type=\"widget\" data-widget_type=\"heading.default\">\n\t\t\t\t<div class=\"elementor-widget-container\">\n\t\t\t\t\t<h2 class=\"elementor-heading-title elementor-size-default\">KOKOONPANO<\/h2>\t\t\t\t<\/div>\n\t\t\t\t<\/div>\n\t\t\t\t\t<\/div>\n\t\t<\/div>\n\t\t\t\t\t<\/div>\n\t\t<\/section>\n\t\t\t\t<section class=\"elementor-section elementor-top-section elementor-element elementor-element-5e23abca elementor-section-boxed elementor-section-height-default elementor-section-height-default\" data-id=\"5e23abca\" data-element_type=\"section\" data-e-type=\"section\">\n\t\t\t\t\t\t<div class=\"elementor-container elementor-column-gap-default\">\n\t\t\t\t\t<div class=\"elementor-column elementor-col-100 elementor-top-column elementor-element elementor-element-14171883\" data-id=\"14171883\" data-element_type=\"column\" data-e-type=\"column\">\n\t\t\t<div class=\"elementor-widget-wrap elementor-element-populated\">\n\t\t\t\t\t\t<div class=\"elementor-element elementor-element-df44091 gallery-spacing-custom elementor-widget elementor-widget-image-gallery\" data-id=\"df44091\" data-element_type=\"widget\" data-e-type=\"widget\" data-widget_type=\"image-gallery.default\">\n\t\t\t\t<div class=\"elementor-widget-container\">\n\t\t\t\t\t\t\t<div class=\"elementor-image-gallery\">\n\t\t\t<div id='gallery-1' class='gallery galleryid-49 gallery-columns-2 gallery-size-medium_large'><figure class='gallery-item'>\n\t\t\t<div class='gallery-icon landscape'>\n\t\t\t\t<a data-elementor-open-lightbox=\"yes\" data-elementor-lightbox-slideshow=\"df44091\" data-elementor-lightbox-title=\"IMG_0410 muokattu\" data-e-action-hash=\"#elementor-action%3Aaction%3Dlightbox%26settings%3DeyJpZCI6MTI0LCJ1cmwiOiJodHRwczpcL1wvdHlva2Vza3VzZXBhLmZpXC93cC1jb250ZW50XC91cGxvYWRzXC8yMDIxXC8wNVwvSU1HXzA0MTAtbXVva2F0dHUuanBnIiwic2xpZGVzaG93IjoiZGY0NDA5MSJ9\" href='https:\/\/tyokeskusepa.fi\/wp-content\/uploads\/2021\/05\/IMG_0410-muokattu.jpg'><img fetchpriority=\"high\" decoding=\"async\" width=\"768\" height=\"432\" src=\"https:\/\/tyokeskusepa.fi\/wp-content\/uploads\/2021\/05\/IMG_0410-muokattu-768x432.jpg\" class=\"attachment-medium_large size-medium_large\" alt=\"\" srcset=\"https:\/\/tyokeskusepa.fi\/wp-content\/uploads\/2021\/05\/IMG_0410-muokattu-768x432.jpg 768w, https:\/\/tyokeskusepa.fi\/wp-content\/uploads\/2021\/05\/IMG_0410-muokattu-300x169.jpg 300w, https:\/\/tyokeskusepa.fi\/wp-content\/uploads\/2021\/05\/IMG_0410-muokattu-1024x576.jpg 1024w, https:\/\/tyokeskusepa.fi\/wp-content\/uploads\/2021\/05\/IMG_0410-muokattu-1536x864.jpg 1536w, https:\/\/tyokeskusepa.fi\/wp-content\/uploads\/2021\/05\/IMG_0410-muokattu-2048x1151.jpg 2048w\" sizes=\"(max-width: 768px) 100vw, 768px\" \/><\/a>\n\t\t\t<\/div><\/figure><figure class='gallery-item'>\n\t\t\t<div class='gallery-icon landscape'>\n\t\t\t\t<a data-elementor-open-lightbox=\"yes\" data-elementor-lightbox-slideshow=\"df44091\" data-elementor-lightbox-title=\"IMG_0409 muokattu\" data-e-action-hash=\"#elementor-action%3Aaction%3Dlightbox%26settings%3DeyJpZCI6MTIzLCJ1cmwiOiJodHRwczpcL1wvdHlva2Vza3VzZXBhLmZpXC93cC1jb250ZW50XC91cGxvYWRzXC8yMDIxXC8wNVwvSU1HXzA0MDktbXVva2F0dHUuanBnIiwic2xpZGVzaG93IjoiZGY0NDA5MSJ9\" href='https:\/\/tyokeskusepa.fi\/wp-content\/uploads\/2021\/05\/IMG_0409-muokattu.jpg'><img decoding=\"async\" width=\"768\" height=\"432\" src=\"https:\/\/tyokeskusepa.fi\/wp-content\/uploads\/2021\/05\/IMG_0409-muokattu-768x432.jpg\" class=\"attachment-medium_large size-medium_large\" alt=\"\" srcset=\"https:\/\/tyokeskusepa.fi\/wp-content\/uploads\/2021\/05\/IMG_0409-muokattu-768x432.jpg 768w, https:\/\/tyokeskusepa.fi\/wp-content\/uploads\/2021\/05\/IMG_0409-muokattu-300x169.jpg 300w, https:\/\/tyokeskusepa.fi\/wp-content\/uploads\/2021\/05\/IMG_0409-muokattu-1024x576.jpg 1024w, https:\/\/tyokeskusepa.fi\/wp-content\/uploads\/2021\/05\/IMG_0409-muokattu.jpg 1468w\" sizes=\"(max-width: 768px) 100vw, 768px\" \/><\/a>\n\t\t\t<\/div><\/figure>\n\t\t<\/div>\n\t\t<\/div>\n\t\t\t\t\t\t<\/div>\n\t\t\t\t<\/div>\n\t\t\t\t<div class=\"elementor-element elementor-element-2504d1a3 elementor-widget elementor-widget-heading\" data-id=\"2504d1a3\" data-element_type=\"widget\" data-e-type=\"widget\" data-widget_type=\"heading.default\">\n\t\t\t\t<div class=\"elementor-widget-container\">\n\t\t\t\t\t<h2 class=\"elementor-heading-title elementor-size-default\">Kokoonpanon ty\u00f6teht\u00e4vi\u00e4<\/h2>\t\t\t\t<\/div>\n\t\t\t\t<\/div>\n\t\t\t\t<div class=\"elementor-element elementor-element-2674df89 elementor-widget elementor-widget-text-editor\" data-id=\"2674df89\" data-element_type=\"widget\" data-e-type=\"widget\" data-widget_type=\"text-editor.default\">\n\t\t\t\t<div class=\"elementor-widget-container\">\n\t\t\t\t\t\t\t\t\t<p>Kokoonpanon ty\u00f6teht\u00e4vi\u00e4 ovat muun muassa pakkaukset, tarroitukset, pussitukset, n\u00e4ytekansiot sek\u00e4 <br \/>erilaiset kasausty\u00f6t. Kysy rohkeasti lis\u00e4\u00e4.<\/p>\t\t\t\t\t\t\t\t<\/div>\n\t\t\t\t<\/div>\n\t\t\t\t<div class=\"elementor-element elementor-element-28b02bb1 elementor-align-left elementor-widget elementor-widget-button\" data-id=\"28b02bb1\" data-element_type=\"widget\" data-e-type=\"widget\" data-widget_type=\"button.default\">\n\t\t\t\t<div class=\"elementor-widget-container\">\n\t\t\t\t\t\t\t\t\t<div class=\"elementor-button-wrapper\">\n\t\t\t\t\t<a class=\"elementor-button elementor-button-link elementor-size-sm\" href=\"https:\/\/tyokeskusepa.fi\/index.php\/yhteystiedot\/\">\n\t\t\t\t\t\t<span class=\"elementor-button-content-wrapper\">\n\t\t\t\t\t\t\t\t\t<span class=\"elementor-button-text\">OTA YHTEYTT\u00c4<\/span>\n\t\t\t\t\t<\/span>\n\t\t\t\t\t<\/a>\n\t\t\t\t<\/div>\n\t\t\t\t\t\t\t\t<\/div>\n\t\t\t\t<\/div>\n\t\t\t\t\t<\/div>\n\t\t<\/div>\n\t\t\t\t\t<\/div>\n\t\t<\/section>\n\t\t\t\t<\/div>\n\t\t","protected":false},"excerpt":{"rendered":"<p>KOKOONPANO Kokoonpanon ty\u00f6teht\u00e4vi\u00e4 Kokoonpanon ty\u00f6teht\u00e4vi\u00e4 ovat muun muassa pakkaukset, tarroitukset, pussitukset, n\u00e4ytekansiot sek\u00e4 erilaiset kasausty\u00f6t. Kysy rohkeasti lis\u00e4\u00e4. OTA YHTEYTT\u00c4<\/p>\n","protected":false},"author":1,"featured_media":0,"parent":0,"menu_order":0,"comment_status":"closed","ping_status":"closed","template":"elementor_header_footer","meta":{"footnotes":""},"class_list":["post-49","page","type-page","status-publish","hentry","entry"],"_links":{"self":[{"href":"https:\/\/tyokeskusepa.fi\/index.php\/wp-json\/wp\/v2\/pages\/49","targetHints":{"allow":["GET"]}}],"collection":[{"href":"https:\/\/tyokeskusepa.fi\/index.php\/wp-json\/wp\/v2\/pages"}],"about":[{"href":"https:\/\/tyokeskusepa.fi\/index.php\/wp-json\/wp\/v2\/types\/page"}],"author":[{"embeddable":true,"href":"https:\/\/tyokeskusepa.fi\/index.php\/wp-json\/wp\/v2\/users\/1"}],"replies":[{"embeddable":true,"href":"https:\/\/tyokeskusepa.fi\/index.php\/wp-json\/wp\/v2\/comments?post=49"}],"version-history":[{"count":22,"href":"https:\/\/tyokeskusepa.fi\/index.php\/wp-json\/wp\/v2\/pages\/49\/revisions"}],"predecessor-version":[{"id":223,"href":"https:\/\/tyokeskusepa.fi\/index.php\/wp-json\/wp\/v2\/pages\/49\/revisions\/223"}],"wp:attachment":[{"href":"https:\/\/tyokeskusepa.fi\/index.php\/wp-json\/wp\/v2\/media?parent=49"}],"curies":[{"name":"wp","href":"https:\/\/api.w.org\/{rel}","templated":true}]}}